{"id":7,"date":"2023-03-11T19:22:12","date_gmt":"2023-03-11T18:22:12","guid":{"rendered":"https:\/\/usuwanie-gniazd-szerszeni.pl\/?page_id=7"},"modified":"2023-07-23T21:58:48","modified_gmt":"2023-07-23T19:58:48","slug":"usuwanie-gniazd-szerszeni-i-os-533-533-500","status":"publish","type":"page","link":"https:\/\/usuwanie-gniazd-szerszeni.pl\/","title":{"rendered":"Usuwanie Gniazd Szerszeni i Os 533-533-500"},"content":{"rendered":"\t\t<div data-elementor-type=\"wp-page\" data-elementor-id=\"7\" class=\"elementor elementor-7\" data-elementor-post-type=\"page\">\n\t\t\t\t<div class=\"elementor-element elementor-element-f815fd2 e-flex e-con-boxed e-con e-parent\" data-id=\"f815fd2\" data-element_type=\"container\" data-settings=\"{&quot;background_background&quot;:&quot;classic&quot;}\">\n\t\t\t\t\t<div class=\"e-con-inner\">\n\t\t<div class=\"elementor-element elementor-element-13e6da4 e-con-full e-flex e-con e-child\" data-id=\"13e6da4\" data-element_type=\"container\">\n\t\t\t\t<div class=\"elementor-element elementor-element-11695e6 elementor-widget elementor-widget-image\" data-id=\"11695e6\" data-element_type=\"widget\" data-widget_type=\"image.default\">\n\t\t\t\t<div class=\"elementor-widget-container\">\n\t\t\t<style>\/*! elementor - v3.21.0 - 25-04-2024 *\/\n.elementor-widget-image{text-align:center}.elementor-widget-image a{display:inline-block}.elementor-widget-image a img[src$=\".svg\"]{width:48px}.elementor-widget-image img{vertical-align:middle;display:inline-block}<\/style>\t\t\t\t\t\t\t\t\t\t<img fetchpriority=\"high\" decoding=\"async\" width=\"605\" height=\"642\" src=\"https:\/\/usuwanie-gniazd-szerszeni.pl\/wp-content\/uploads\/2023\/03\/loszerszen.png\" class=\"attachment-large size-large wp-image-416\" alt=\"\" srcset=\"https:\/\/usuwanie-gniazd-szerszeni.pl\/wp-content\/uploads\/2023\/03\/loszerszen.png 605w, https:\/\/usuwanie-gniazd-szerszeni.pl\/wp-content\/uploads\/2023\/03\/loszerszen-283x300.png 283w\" sizes=\"(max-width: 605px) 100vw, 605px\" \/>\t\t\t\t\t\t\t\t\t\t\t\t\t<\/div>\n\t\t\t\t<\/div>\n\t\t\t\t<\/div>\n\t\t\t\t\t<\/div>\n\t\t\t\t<\/div>\n\t\t<div class=\"elementor-element elementor-element-7427fe8 e-flex e-con-boxed e-con e-parent\" data-id=\"7427fe8\" data-element_type=\"container\" data-settings=\"{&quot;background_background&quot;:&quot;classic&quot;}\">\n\t\t\t\t\t<div class=\"e-con-inner\">\n\t\t\t\t<div class=\"elementor-element elementor-element-d2b9839 elementor-widget elementor-widget-heading\" data-id=\"d2b9839\" data-element_type=\"widget\" data-widget_type=\"heading.default\">\n\t\t\t\t<div class=\"elementor-widget-container\">\n\t\t\t<style>\/*! elementor - v3.21.0 - 25-04-2024 *\/\n.elementor-heading-title{padding:0;margin:0;line-height:1}.elementor-widget-heading .elementor-heading-title[class*=elementor-size-]>a{color:inherit;font-size:inherit;line-height:inherit}.elementor-widget-heading .elementor-heading-title.elementor-size-small{font-size:15px}.elementor-widget-heading .elementor-heading-title.elementor-size-medium{font-size:19px}.elementor-widget-heading .elementor-heading-title.elementor-size-large{font-size:29px}.elementor-widget-heading .elementor-heading-title.elementor-size-xl{font-size:39px}.elementor-widget-heading .elementor-heading-title.elementor-size-xxl{font-size:59px}<\/style><h2 class=\"elementor-heading-title elementor-size-default\">USUWANIE GNIAZD SZERSZENI I OS<\/h2>\t\t<\/div>\n\t\t\t\t<\/div>\n\t\t\t\t\t<\/div>\n\t\t\t\t<\/div>\n\t\t<div class=\"elementor-element elementor-element-e4ea3e6 e-flex e-con-boxed e-con e-parent\" data-id=\"e4ea3e6\" data-element_type=\"container\" data-settings=\"{&quot;background_background&quot;:&quot;classic&quot;}\">\n\t\t\t\t\t<div class=\"e-con-inner\">\n\t\t\t\t<div class=\"elementor-element elementor-element-90b4d9d elementor-widget elementor-widget-text-editor\" data-id=\"90b4d9d\" data-element_type=\"widget\" data-widget_type=\"text-editor.default\">\n\t\t\t\t<div class=\"elementor-widget-container\">\n\t\t\t<style>\/*! elementor - v3.21.0 - 25-04-2024 *\/\n.elementor-widget-text-editor.elementor-drop-cap-view-stacked .elementor-drop-cap{background-color:#69727d;color:#fff}.elementor-widget-text-editor.elementor-drop-cap-view-framed .elementor-drop-cap{color:#69727d;border:3px solid;background-color:transparent}.elementor-widget-text-editor:not(.elementor-drop-cap-view-default) .elementor-drop-cap{margin-top:8px}.elementor-widget-text-editor:not(.elementor-drop-cap-view-default) .elementor-drop-cap-letter{width:1em;height:1em}.elementor-widget-text-editor .elementor-drop-cap{float:left;text-align:center;line-height:1;font-size:50px}.elementor-widget-text-editor .elementor-drop-cap-letter{display:inline-block}<\/style>\t\t\t\t<p>Je\u015bli masz problem z gniazdami szerszeni lub os, jestem gotowy Ci pom\u00f3c! Dzia\u0142am w bran\u017cy usuwania gniazd od wielu lat i posiadam wszystko, co jest potrzebne, do bezpiecznego pozbycia si\u0119 tych niebezpiecznych owad\u00f3w.<\/p><p>Jestem specjalist\u0105, znam r\u00f3\u017cne metody usuwania gniazd szerszeni i os. Zawsze stosuje najlepsze i najbezpieczniejsze \u015brodki, aby pozby\u0107 si\u0119 tych owad\u00f3w, a jednocze\u015bnie zapewniam, \u017ce moje us\u0142ugi s\u0105 wykonywane z najwy\u017csz\u0105 staranno\u015bci\u0105 i dba\u0142o\u015bci\u0105 o bezpiecze\u0144stwo oraz w konkurencyjnej cenie.<\/p>\t\t\t\t\t\t<\/div>\n\t\t\t\t<\/div>\n\t\t\t\t\t<\/div>\n\t\t\t\t<\/div>\n\t\t<div class=\"elementor-element elementor-element-fd55f3f e-flex e-con-boxed e-con e-parent\" data-id=\"fd55f3f\" data-element_type=\"container\" data-settings=\"{&quot;background_background&quot;:&quot;classic&quot;}\">\n\t\t\t\t\t<div class=\"e-con-inner\">\n\t\t\t\t<div class=\"elementor-element elementor-element-a414ef1 elementor-widget elementor-widget-text-editor\" data-id=\"a414ef1\" data-element_type=\"widget\" data-widget_type=\"text-editor.default\">\n\t\t\t\t<div class=\"elementor-widget-container\">\n\t\t\t\t\t\t\t<p>Je\u017celi zauwa\u017cyli Pa\u0144stwo w swoim otoczeniu wzmo\u017con\u0105 liczbe szerszeni lub os, to mo\u017ce oznacza\u0107,\u017ce gdzie\u015b w pobli\u017cu znajduje si\u0119 ich gniazdo.<\/p>\t\t\t\t\t\t<\/div>\n\t\t\t\t<\/div>\n\t\t\t\t\t<\/div>\n\t\t\t\t<\/div>\n\t\t<div class=\"elementor-element elementor-element-e7fdfd2 e-flex e-con-boxed e-con e-parent\" data-id=\"e7fdfd2\" data-element_type=\"container\" data-settings=\"{&quot;background_background&quot;:&quot;classic&quot;}\">\n\t\t\t\t\t<div class=\"e-con-inner\">\n\t\t\t\t<div class=\"elementor-element elementor-element-057dd06 elementor-widget elementor-widget-text-editor\" data-id=\"057dd06\" data-element_type=\"widget\" data-widget_type=\"text-editor.default\">\n\t\t\t\t<div class=\"elementor-widget-container\">\n\t\t\t\t\t\t\t<p><strong><span style=\"color: #ffff99;\">Gniazda szerszeni i os umiejscowione s\u0105 w r\u00f3\u017cnych miejscach np.:<\/span><\/strong><\/p><p>\u27a3 prywatne posesje (gara\u017ce, szopy, altanki, poddasza, gniazda w ziemi,na drzewach &#8230;),<br \/>\u27a3 ogr\u00f3dki dzia\u0142kowe (w domkach, gniazda w drzewach&#8230;),<br \/>\u27a3 budynki mieszkalne ( strychy , balkony, pod parapetami&#8230;).<\/p>\t\t\t\t\t\t<\/div>\n\t\t\t\t<\/div>\n\t\t\t\t\t<\/div>\n\t\t\t\t<\/div>\n\t\t<div class=\"elementor-element elementor-element-1fd106a e-flex e-con-boxed e-con e-parent\" data-id=\"1fd106a\" data-element_type=\"container\" data-settings=\"{&quot;background_background&quot;:&quot;classic&quot;}\">\n\t\t\t\t\t<div class=\"e-con-inner\">\n\t\t\t\t<div class=\"elementor-element elementor-element-2d95b8a elementor-widget elementor-widget-text-editor\" data-id=\"2d95b8a\" data-element_type=\"widget\" data-widget_type=\"text-editor.default\">\n\t\t\t\t<div class=\"elementor-widget-container\">\n\t\t\t\t\t\t\t<p>Je\u015bli potrzebujesz pomocy w usuwaniu gniazd os lub szerszeni, nie wahaj si\u0119 i skontaktuj si\u0119 ze mn\u0105! Jestem gotowy udzieli\u0107 Ci profesjonalnej i szybkiej pomocy. Zadbaj o swoje bezpiecze\u0144stwo i zdrowie, a ja zadbam o bezpieczne i skuteczne usuni\u0119cie gniazd!<\/p><p>\u00a0<\/p>\t\t\t\t\t\t<\/div>\n\t\t\t\t<\/div>\n\t\t\t\t\t<\/div>\n\t\t\t\t<\/div>\n\t\t<div class=\"elementor-element elementor-element-3420e02 e-flex e-con-boxed e-con e-parent\" data-id=\"3420e02\" data-element_type=\"container\" data-settings=\"{&quot;background_background&quot;:&quot;classic&quot;}\">\n\t\t\t\t\t<div class=\"e-con-inner\">\n\t\t\t\t<div class=\"elementor-element elementor-element-f230ba5 elementor-widget elementor-widget-heading\" data-id=\"f230ba5\" data-element_type=\"widget\" data-widget_type=\"heading.default\">\n\t\t\t\t<div class=\"elementor-widget-container\">\n\t\t\t<h2 class=\"elementor-heading-title elementor-size-default\">Cennik:<\/h2>\t\t<\/div>\n\t\t\t\t<\/div>\n\t\t\t\t<div class=\"elementor-element elementor-element-3095137 elementor-widget elementor-widget-text-editor\" data-id=\"3095137\" data-element_type=\"widget\" data-widget_type=\"text-editor.default\">\n\t\t\t\t<div class=\"elementor-widget-container\">\n\t\t\t\t\t\t\t<p>Usuni\u0119cie gniazda os lub szerszeni:\u00a0 200 &#8211; 750z\u0142<br \/>Cena uzale\u017cniona jest od wielko\u015bci gniazda oraz jego umiejscowienia.<\/p>\t\t\t\t\t\t<\/div>\n\t\t\t\t<\/div>\n\t\t\t\t\t<\/div>\n\t\t\t\t<\/div>\n\t\t<div class=\"elementor-element elementor-element-56ffe17 e-flex e-con-boxed e-con e-parent\" data-id=\"56ffe17\" data-element_type=\"container\" data-settings=\"{&quot;background_background&quot;:&quot;classic&quot;}\">\n\t\t\t\t\t<div class=\"e-con-inner\">\n\t\t\t\t<div class=\"elementor-element elementor-element-e6df975 elementor-widget elementor-widget-text-editor\" data-id=\"e6df975\" data-element_type=\"widget\" data-widget_type=\"text-editor.default\">\n\t\t\t\t<div class=\"elementor-widget-container\">\n\t\t\t\t\t\t\t<p>Us\u0142ugi usuwania \/ zwalczania gniazd szerszeni i os wykonywane s\u0105 w : Teresin, B\u0142onie, \u017byrard\u00f3w, Grodzisk Mazowiecki, Sochaczew ( dojazd gratis w strefie tych miast i okolic +10km).<\/p>\t\t\t\t\t\t<\/div>\n\t\t\t\t<\/div>\n\t\t\t\t\t<\/div>\n\t\t\t\t<\/div>\n\t\t<div class=\"elementor-element elementor-element-0bc4ddc e-flex e-con-boxed e-con e-parent\" data-id=\"0bc4ddc\" data-element_type=\"container\" data-settings=\"{&quot;background_background&quot;:&quot;classic&quot;}\">\n\t\t\t\t\t<div class=\"e-con-inner\">\n\t\t\t\t<div class=\"elementor-element elementor-element-3f01f71 elementor-widget elementor-widget-heading\" data-id=\"3f01f71\" data-element_type=\"widget\" data-widget_type=\"heading.default\">\n\t\t\t\t<div class=\"elementor-widget-container\">\n\t\t\t<h3 class=\"elementor-heading-title elementor-size-default\">NUMER ALARMOWY<\/h3>\t\t<\/div>\n\t\t\t\t<\/div>\n\t\t\t\t<div class=\"elementor-element elementor-element-aa45281 elementor-align-center elementor-widget elementor-widget-button\" data-id=\"aa45281\" data-element_type=\"widget\" data-widget_type=\"button.default\">\n\t\t\t\t<div class=\"elementor-widget-container\">\n\t\t\t\t\t<div class=\"elementor-button-wrapper\">\n\t\t\t<a class=\"elementor-button elementor-button-link elementor-size-xl\" href=\"tel:533533500\">\n\t\t\t\t\t\t<span class=\"elementor-button-content-wrapper\">\n\t\t\t\t\t\t<span class=\"elementor-button-icon elementor-align-icon-left\">\n\t\t\t\t<i aria-hidden=\"true\" class=\"fas fa-phone-volume\"><\/i>\t\t\t<\/span>\n\t\t\t\t\t\t\t\t\t<span class=\"elementor-button-text\">533-533-500<\/span>\n\t\t\t\t\t<\/span>\n\t\t\t\t\t<\/a>\n\t\t<\/div>\n\t\t\t\t<\/div>\n\t\t\t\t<\/div>\n\t\t\t\t\t<\/div>\n\t\t\t\t<\/div>\n\t\t\t\t<\/div>\n\t\t","protected":false},"excerpt":{"rendered":"<p>USUWANIE GNIAZD SZERSZENI I OS Je\u015bli masz problem z gniazdami szerszeni lub os, jestem gotowy Ci pom\u00f3c! Dzia\u0142am w bran\u017cy usuwania gniazd od wielu lat i posiadam wszystko, co jest potrzebne, do bezpiecznego pozbycia si\u0119 tych niebezpiecznych owad\u00f3w. Jestem specjalist\u0105, znam r\u00f3\u017cne metody usuwania gniazd szerszeni i os. Zawsze stosuje najlepsze i najbezpieczniejsze \u015brodki, aby [&hellip;]<\/p>\n","protected":false},"author":1,"featured_media":396,"parent":0,"menu_order":0,"comment_status":"closed","ping_status":"closed","template":"elementor_canvas","meta":{"footnotes":""},"class_list":["post-7","page","type-page","status-publish","has-post-thumbnail","hentry"],"_links":{"self":[{"href":"https:\/\/usuwanie-gniazd-szerszeni.pl\/index.php\/wp-json\/wp\/v2\/pages\/7","targetHints":{"allow":["GET"]}}],"collection":[{"href":"https:\/\/usuwanie-gniazd-szerszeni.pl\/index.php\/wp-json\/wp\/v2\/pages"}],"about":[{"href":"https:\/\/usuwanie-gniazd-szerszeni.pl\/index.php\/wp-json\/wp\/v2\/types\/page"}],"author":[{"embeddable":true,"href":"https:\/\/usuwanie-gniazd-szerszeni.pl\/index.php\/wp-json\/wp\/v2\/users\/1"}],"replies":[{"embeddable":true,"href":"https:\/\/usuwanie-gniazd-szerszeni.pl\/index.php\/wp-json\/wp\/v2\/comments?post=7"}],"version-history":[{"count":429,"href":"https:\/\/usuwanie-gniazd-szerszeni.pl\/index.php\/wp-json\/wp\/v2\/pages\/7\/revisions"}],"predecessor-version":[{"id":481,"href":"https:\/\/usuwanie-gniazd-szerszeni.pl\/index.php\/wp-json\/wp\/v2\/pages\/7\/revisions\/481"}],"wp:featuredmedia":[{"embeddable":true,"href":"https:\/\/usuwanie-gniazd-szerszeni.pl\/index.php\/wp-json\/wp\/v2\/media\/396"}],"wp:attachment":[{"href":"https:\/\/usuwanie-gniazd-szerszeni.pl\/index.php\/wp-json\/wp\/v2\/media?parent=7"}],"curies":[{"name":"wp","href":"https:\/\/api.w.org\/{rel}","templated":true}]}}